{"id":78,"date":"2023-02-07T11:28:02","date_gmt":"2023-02-07T10:28:02","guid":{"rendered":"http:\/\/goumetavocat.com\/?page_id=78"},"modified":"2023-02-24T17:34:34","modified_gmt":"2023-02-24T16:34:34","slug":"nos-activites","status":"publish","type":"page","link":"http:\/\/goumetavocat.com\/index.php\/nos-activites\/","title":{"rendered":"Activit\u00e9s"},"content":{"rendered":"\t\t<div data-elementor-type=\"wp-page\" data-elementor-id=\"78\" class=\"elementor elementor-78\">\n\t\t\t\t\t\t<section class=\"elementor-section elementor-top-section elementor-element elementor-element-c28959c elementor-section-boxed elementor-section-height-default elementor-section-height-default\" data-id=\"c28959c\" data-element_type=\"section\">\n\t\t\t\t\t\t<div class=\"elementor-container elementor-column-gap-default\">\n\t\t\t\t\t<div class=\"elementor-column elementor-col-100 elementor-top-column elementor-element elementor-element-58e253a\" data-id=\"58e253a\" data-element_type=\"column\">\n\t\t\t<div class=\"elementor-widget-wrap elementor-element-populated\">\n\t\t\t\t\t\t<div class=\"elementor-element elementor-element-6f96c4b elementor-widget elementor-widget-text-editor\" data-id=\"6f96c4b\" data-element_type=\"widget\" data-widget_type=\"text-editor.default\">\n\t\t\t\t<div class=\"elementor-widget-container\">\n\t\t\t\t\t\t\t<p>Le cabinet Goumet Avocat, fort de sa double approche de conseil et de contentieux, offre \u00e0 ses clients un accompagnement large pour leurs <strong>op\u00e9rations strat\u00e9giques<\/strong>, tout en conservant un accompagnement pertinent sur leurs <strong>probl\u00e9matiques quotidiennes<\/strong>.<\/p>\t\t\t\t\t\t<\/div>\n\t\t\t\t<\/div>\n\t\t\t\t\t<\/div>\n\t\t<\/div>\n\t\t\t\t\t<\/div>\n\t\t<\/section>\n\t\t\t\t<section class=\"elementor-section elementor-top-section elementor-element elementor-element-853c2c3 elementor-section-boxed elementor-section-height-default elementor-section-height-default\" data-id=\"853c2c3\" data-element_type=\"section\">\n\t\t\t\t\t\t<div class=\"elementor-container elementor-column-gap-default\">\n\t\t\t\t\t<div class=\"elementor-column elementor-col-50 elementor-top-column elementor-element elementor-element-4e5938e\" data-id=\"4e5938e\" data-element_type=\"column\">\n\t\t\t<div class=\"elementor-widget-wrap elementor-element-populated\">\n\t\t\t\t\t\t<div class=\"elementor-element elementor-element-70936f4 elementor-widget elementor-widget-image\" data-id=\"70936f4\" data-element_type=\"widget\" data-widget_type=\"image.default\">\n\t\t\t\t<div class=\"elementor-widget-container\">\n\t\t\t\t\t\t\t\t\t\t\t\t\t<img fetchpriority=\"high\" decoding=\"async\" width=\"1024\" height=\"683\" src=\"http:\/\/goumetavocat.com\/wp-content\/uploads\/2023\/02\/modern-architecture-4749683_1920-1024x683.jpg\" class=\"attachment-large size-large wp-image-424\" alt=\"\" srcset=\"http:\/\/goumetavocat.com\/wp-content\/uploads\/2023\/02\/modern-architecture-4749683_1920-1024x683.jpg 1024w, http:\/\/goumetavocat.com\/wp-content\/uploads\/2023\/02\/modern-architecture-4749683_1920-300x200.jpg 300w, http:\/\/goumetavocat.com\/wp-content\/uploads\/2023\/02\/modern-architecture-4749683_1920-768x512.jpg 768w, http:\/\/goumetavocat.com\/wp-content\/uploads\/2023\/02\/modern-architecture-4749683_1920-1536x1024.jpg 1536w, http:\/\/goumetavocat.com\/wp-content\/uploads\/2023\/02\/modern-architecture-4749683_1920.jpg 1920w\" sizes=\"(max-width: 1024px) 100vw, 1024px\" \/>\t\t\t\t\t\t\t\t\t\t\t\t\t<\/div>\n\t\t\t\t<\/div>\n\t\t\t\t\t<\/div>\n\t\t<\/div>\n\t\t\t\t<div class=\"elementor-column elementor-col-50 elementor-top-column elementor-element elementor-element-829cebb\" data-id=\"829cebb\" data-element_type=\"column\">\n\t\t\t<div class=\"elementor-widget-wrap elementor-element-populated\">\n\t\t\t\t\t\t<div class=\"elementor-element elementor-element-e49595f elementor-widget elementor-widget-heading\" data-id=\"e49595f\" data-element_type=\"widget\" data-widget_type=\"heading.default\">\n\t\t\t\t<div class=\"elementor-widget-container\">\n\t\t\t<h2 class=\"elementor-heading-title elementor-size-default\">Accompagnement des soci\u00e9t\u00e9s<\/h2>\t\t<\/div>\n\t\t\t\t<\/div>\n\t\t\t\t<div class=\"elementor-element elementor-element-fef3935 elementor-widget elementor-widget-text-editor\" data-id=\"fef3935\" data-element_type=\"widget\" data-widget_type=\"text-editor.default\">\n\t\t\t\t<div class=\"elementor-widget-container\">\n\t\t\t\t\t\t\t<ul>\n<li>Organisation des relations entre associ\u00e9s\u00a0<em>(ex\u00a0: statuts, pactes d\u2019associ\u00e9s, litiges entre associ\u00e9s, exclusion)<\/em><\/li>\n<li>Cessions et acquisitions <em>(ex : de soci\u00e9t\u00e9s, de fonds de commerce, d\u2019actifs, rapprochements de soci\u00e9t\u00e9s, audit juridique)<\/em>\u00a0<\/li>\n<li>Op\u00e9rations de haut de bilan<em> (ex : augmentation et r\u00e9duction de capital, \u00e9missions d\u2019obligations et d\u00e9riv\u00e9s)\u00a0<\/em><\/li>\n<li>Incitation et r\u00e9mun\u00e9ration <em>(ex : \u00e9mission de BSA, de BSPCE, d\u2019actions gratuites)\u00a0<\/em><\/li>\n<li>Structuration et restructuration de groupes <em>(ex : filialisation, fusions, scissions, apports partiels d\u2019actifs, recomposition d\u2019activit\u00e9s)\u00a0<\/em><\/li>\n<li>R\u00e9daction et n\u00e9gociations contractuelles <em>(ex : contrats commerciaux, conditions g\u00e9n\u00e9rales)<\/em>\u00a0<\/li>\n<li>Contentieux \u00e9conomiques et commerciaux <em>(ex : rupture de relations commerciales, impay\u00e9s, non-respect de contrats, pratiques commerciales trompeuses)\u00a0<\/em><\/li>\n<li>Proc\u00e9dures collectives\u00a0<\/li>\n<li>Secr\u00e9tariat juridique<\/li>\n<\/ul>\t\t\t\t\t\t<\/div>\n\t\t\t\t<\/div>\n\t\t\t\t\t<\/div>\n\t\t<\/div>\n\t\t\t\t\t<\/div>\n\t\t<\/section>\n\t\t\t\t<section class=\"elementor-section elementor-top-section elementor-element elementor-element-4976044 elementor-section-boxed elementor-section-height-default elementor-section-height-default\" data-id=\"4976044\" data-element_type=\"section\">\n\t\t\t\t\t\t<div class=\"elementor-container elementor-column-gap-default\">\n\t\t\t\t\t<div class=\"elementor-column elementor-col-100 elementor-top-column elementor-element elementor-element-bcc36f5\" data-id=\"bcc36f5\" data-element_type=\"column\">\n\t\t\t<div class=\"elementor-widget-wrap elementor-element-populated\">\n\t\t\t\t\t\t<div class=\"elementor-element elementor-element-813940a elementor-widget elementor-widget-spacer\" data-id=\"813940a\" data-element_type=\"widget\" data-widget_type=\"spacer.default\">\n\t\t\t\t<div class=\"elementor-widget-container\">\n\t\t\t\t\t<div class=\"elementor-spacer\">\n\t\t\t<div class=\"elementor-spacer-inner\"><\/div>\n\t\t<\/div>\n\t\t\t\t<\/div>\n\t\t\t\t<\/div>\n\t\t\t\t\t<\/div>\n\t\t<\/div>\n\t\t\t\t\t<\/div>\n\t\t<\/section>\n\t\t\t\t<section class=\"elementor-section elementor-top-section elementor-element elementor-element-d4a1234 elementor-section-boxed elementor-section-height-default elementor-section-height-default\" data-id=\"d4a1234\" data-element_type=\"section\">\n\t\t\t\t\t\t<div class=\"elementor-container elementor-column-gap-default\">\n\t\t\t\t\t<div class=\"elementor-column elementor-col-50 elementor-top-column elementor-element elementor-element-c9a9a2d\" data-id=\"c9a9a2d\" data-element_type=\"column\">\n\t\t\t<div class=\"elementor-widget-wrap elementor-element-populated\">\n\t\t\t\t\t\t<div class=\"elementor-element elementor-element-c20c39e elementor-widget elementor-widget-image\" data-id=\"c20c39e\" data-element_type=\"widget\" data-widget_type=\"image.default\">\n\t\t\t\t<div class=\"elementor-widget-container\">\n\t\t\t\t\t\t\t\t\t\t\t\t\t<img decoding=\"async\" width=\"1024\" height=\"680\" src=\"http:\/\/goumetavocat.com\/wp-content\/uploads\/2023\/02\/office-620817_1920-1024x680.jpg\" class=\"attachment-large size-large wp-image-425\" alt=\"\" srcset=\"http:\/\/goumetavocat.com\/wp-content\/uploads\/2023\/02\/office-620817_1920-1024x680.jpg 1024w, http:\/\/goumetavocat.com\/wp-content\/uploads\/2023\/02\/office-620817_1920-300x199.jpg 300w, http:\/\/goumetavocat.com\/wp-content\/uploads\/2023\/02\/office-620817_1920-768x510.jpg 768w, http:\/\/goumetavocat.com\/wp-content\/uploads\/2023\/02\/office-620817_1920-1536x1020.jpg 1536w, http:\/\/goumetavocat.com\/wp-content\/uploads\/2023\/02\/office-620817_1920.jpg 1920w\" sizes=\"(max-width: 1024px) 100vw, 1024px\" \/>\t\t\t\t\t\t\t\t\t\t\t\t\t<\/div>\n\t\t\t\t<\/div>\n\t\t\t\t\t<\/div>\n\t\t<\/div>\n\t\t\t\t<div class=\"elementor-column elementor-col-50 elementor-top-column elementor-element elementor-element-67f9323\" data-id=\"67f9323\" data-element_type=\"column\">\n\t\t\t<div class=\"elementor-widget-wrap elementor-element-populated\">\n\t\t\t\t\t\t<div class=\"elementor-element elementor-element-0fd8568 elementor-widget elementor-widget-heading\" data-id=\"0fd8568\" data-element_type=\"widget\" data-widget_type=\"heading.default\">\n\t\t\t\t<div class=\"elementor-widget-container\">\n\t\t\t<h2 class=\"elementor-heading-title elementor-size-default\">Accompagnement des entrepreneurs<\/h2>\t\t<\/div>\n\t\t\t\t<\/div>\n\t\t\t\t<div class=\"elementor-element elementor-element-bd2f0cd elementor-widget elementor-widget-text-editor\" data-id=\"bd2f0cd\" data-element_type=\"widget\" data-widget_type=\"text-editor.default\">\n\t\t\t\t<div class=\"elementor-widget-container\">\n\t\t\t\t\t\t\t<ul>\n<li>Cr\u00e9ation d\u2019activit\u00e9 <em>(ex : cr\u00e9ation de soci\u00e9t\u00e9s, analyse et conseils r\u00e8glementaires, cadre contractuel)<\/em><\/li>\n<li>Reprise et transmission d\u2019entreprise <em>(ex : audit juridique, accompagnement sur tous les aspects de l\u2019acquisition)<\/em><\/li>\n<li>Structuration d\u2019investissement <em>(ex : mise en place de v\u00e9hicules d\u2019investissements et de m\u00e9canismes d\u2019optimisation juridiques)<\/em><\/li>\n<li>D\u00e9fense et conseils post-investissement ou cession\u00a0<em>(ex\u00a0: mise en jeu d\u2019une garantie de passif, contentieux relatifs \u00e0 la caution bancaire du dirigeant)<\/em><\/li>\n<\/ul>\t\t\t\t\t\t<\/div>\n\t\t\t\t<\/div>\n\t\t\t\t\t<\/div>\n\t\t<\/div>\n\t\t\t\t\t<\/div>\n\t\t<\/section>\n\t\t\t\t<section class=\"elementor-section elementor-top-section elementor-element elementor-element-ba694bc elementor-section-boxed elementor-section-height-default elementor-section-height-default\" data-id=\"ba694bc\" data-element_type=\"section\">\n\t\t\t\t\t\t<div class=\"elementor-container elementor-column-gap-default\">\n\t\t\t\t\t<div class=\"elementor-column elementor-col-100 elementor-top-column elementor-element elementor-element-42393a6\" data-id=\"42393a6\" data-element_type=\"column\">\n\t\t\t<div class=\"elementor-widget-wrap elementor-element-populated\">\n\t\t\t\t\t\t<div class=\"elementor-element elementor-element-7e7bdd9 elementor-widget elementor-widget-spacer\" data-id=\"7e7bdd9\" data-element_type=\"widget\" data-widget_type=\"spacer.default\">\n\t\t\t\t<div class=\"elementor-widget-container\">\n\t\t\t\t\t<div class=\"elementor-spacer\">\n\t\t\t<div class=\"elementor-spacer-inner\"><\/div>\n\t\t<\/div>\n\t\t\t\t<\/div>\n\t\t\t\t<\/div>\n\t\t\t\t\t<\/div>\n\t\t<\/div>\n\t\t\t\t\t<\/div>\n\t\t<\/section>\n\t\t\t\t<section class=\"elementor-section elementor-top-section elementor-element elementor-element-ba3c41b elementor-section-boxed elementor-section-height-default elementor-section-height-default\" data-id=\"ba3c41b\" data-element_type=\"section\">\n\t\t\t\t\t\t<div class=\"elementor-container elementor-column-gap-default\">\n\t\t\t\t\t<div class=\"elementor-column elementor-col-50 elementor-top-column elementor-element elementor-element-997b0d4\" data-id=\"997b0d4\" data-element_type=\"column\">\n\t\t\t<div class=\"elementor-widget-wrap elementor-element-populated\">\n\t\t\t\t\t\t<div class=\"elementor-element elementor-element-60aeae7 elementor-widget elementor-widget-image\" data-id=\"60aeae7\" data-element_type=\"widget\" data-widget_type=\"image.default\">\n\t\t\t\t<div class=\"elementor-widget-container\">\n\t\t\t\t\t\t\t\t\t\t\t\t\t<img decoding=\"async\" width=\"1024\" height=\"683\" src=\"http:\/\/goumetavocat.com\/wp-content\/uploads\/2023\/02\/real-estate-6688945_1920-1024x683.jpg\" class=\"attachment-large size-large wp-image-423\" alt=\"\" srcset=\"http:\/\/goumetavocat.com\/wp-content\/uploads\/2023\/02\/real-estate-6688945_1920-1024x683.jpg 1024w, http:\/\/goumetavocat.com\/wp-content\/uploads\/2023\/02\/real-estate-6688945_1920-300x200.jpg 300w, http:\/\/goumetavocat.com\/wp-content\/uploads\/2023\/02\/real-estate-6688945_1920-768x512.jpg 768w, http:\/\/goumetavocat.com\/wp-content\/uploads\/2023\/02\/real-estate-6688945_1920-1536x1024.jpg 1536w, http:\/\/goumetavocat.com\/wp-content\/uploads\/2023\/02\/real-estate-6688945_1920.jpg 1920w\" sizes=\"(max-width: 1024px) 100vw, 1024px\" \/>\t\t\t\t\t\t\t\t\t\t\t\t\t<\/div>\n\t\t\t\t<\/div>\n\t\t\t\t\t<\/div>\n\t\t<\/div>\n\t\t\t\t<div class=\"elementor-column elementor-col-50 elementor-top-column elementor-element elementor-element-4b755cd\" data-id=\"4b755cd\" data-element_type=\"column\">\n\t\t\t<div class=\"elementor-widget-wrap elementor-element-populated\">\n\t\t\t\t\t\t<div class=\"elementor-element elementor-element-60c2a48 elementor-widget elementor-widget-heading\" data-id=\"60c2a48\" data-element_type=\"widget\" data-widget_type=\"heading.default\">\n\t\t\t\t<div class=\"elementor-widget-container\">\n\t\t\t<h2 class=\"elementor-heading-title elementor-size-default\">Immobilier<\/h2>\t\t<\/div>\n\t\t\t\t<\/div>\n\t\t\t\t<div class=\"elementor-element elementor-element-1f45f3d elementor-widget elementor-widget-text-editor\" data-id=\"1f45f3d\" data-element_type=\"widget\" data-widget_type=\"text-editor.default\">\n\t\t\t\t<div class=\"elementor-widget-container\">\n\t\t\t\t\t\t\t<p>Parall\u00e8lement, le cabinet Goumet Avocat a d\u00e9velopp\u00e9 une pratique en droit immobilier, et notamment en droit de la copropri\u00e9t\u00e9. Il est Avocat Mandataire en Transaction Immobili\u00e8re inscrit \u00e0 l\u2019Ordre du Barreau de Paris et peut \u00e0 ce titre accompagner ses clients dans leurs op\u00e9rations de vente, d\u2019acquisition ou de location de biens immobiliers.<\/p>\t\t\t\t\t\t<\/div>\n\t\t\t\t<\/div>\n\t\t\t\t\t<\/div>\n\t\t<\/div>\n\t\t\t\t\t<\/div>\n\t\t<\/section>\n\t\t\t\t<\/div>\n\t\t","protected":false},"excerpt":{"rendered":"<p>Le cabinet Goumet Avocat, fort de sa double approche de conseil et de contentieux, offre \u00e0 ses clients un accompagnement large pour leurs op\u00e9rations strat\u00e9giques, tout en conservant un accompagnement pertinent sur leurs probl\u00e9matiques quotidiennes. Accompagnement des soci\u00e9t\u00e9s Organisation des relations entre associ\u00e9s&nbsp;(ex&nbsp;: statuts, pactes d\u2019associ\u00e9s, litiges entre associ\u00e9s, exclusion) Cessions et acquisitions (ex : [&hellip;]<\/p>\n","protected":false},"author":1,"featured_media":0,"parent":0,"menu_order":0,"comment_status":"closed","ping_status":"closed","template":"","meta":{"ocean_post_layout":"","ocean_both_sidebars_style":"","ocean_both_sidebars_content_width":0,"ocean_both_sidebars_sidebars_width":0,"ocean_sidebar":"0","ocean_second_sidebar":"0","ocean_disable_margins":"enable","ocean_add_body_class":"","ocean_shortcode_before_top_bar":"","ocean_shortcode_after_top_bar":"","ocean_shortcode_before_header":"","ocean_shortcode_after_header":"","ocean_has_shortcode":"","ocean_shortcode_after_title":"","ocean_shortcode_before_footer_widgets":"","ocean_shortcode_after_footer_widgets":"","ocean_shortcode_before_footer_bottom":"","ocean_shortcode_after_footer_bottom":"","ocean_display_top_bar":"default","ocean_display_header":"default","ocean_header_style":"","ocean_center_header_left_menu":"0","ocean_custom_header_template":"0","ocean_custom_logo":0,"ocean_custom_retina_logo":0,"ocean_custom_logo_max_width":0,"ocean_custom_logo_tablet_max_width":0,"ocean_custom_logo_mobile_max_width":0,"ocean_custom_logo_max_height":0,"ocean_custom_logo_tablet_max_height":0,"ocean_custom_logo_mobile_max_height":0,"ocean_header_custom_menu":"0","ocean_menu_typo_font_family":"0","ocean_menu_typo_font_subset":"","ocean_menu_typo_font_size":0,"ocean_menu_typo_font_size_tablet":0,"ocean_menu_typo_font_size_mobile":0,"ocean_menu_typo_font_size_unit":"px","ocean_menu_typo_font_weight":"","ocean_menu_typo_font_weight_tablet":"","ocean_menu_typo_font_weight_mobile":"","ocean_menu_typo_transform":"","ocean_menu_typo_transform_tablet":"","ocean_menu_typo_transform_mobile":"","ocean_menu_typo_line_height":0,"ocean_menu_typo_line_height_tablet":0,"ocean_menu_typo_line_height_mobile":0,"ocean_menu_typo_line_height_unit":"","ocean_menu_typo_spacing":0,"ocean_menu_typo_spacing_tablet":0,"ocean_menu_typo_spacing_mobile":0,"ocean_menu_typo_spacing_unit":"","ocean_menu_link_color":"","ocean_menu_link_color_hover":"","ocean_menu_link_color_active":"","ocean_menu_link_background":"","ocean_menu_link_hover_background":"","ocean_menu_link_active_background":"","ocean_menu_social_links_bg":"","ocean_menu_social_hover_links_bg":"","ocean_menu_social_links_color":"","ocean_menu_social_hover_links_color":"","ocean_disable_title":"default","ocean_disable_heading":"default","ocean_post_title":"","ocean_post_subheading":"","ocean_post_title_style":"","ocean_post_title_background_color":"","ocean_post_title_background":0,"ocean_post_title_bg_image_position":"","ocean_post_title_bg_image_attachment":"","ocean_post_title_bg_image_repeat":"","ocean_post_title_bg_image_size":"","ocean_post_title_height":0,"ocean_post_title_bg_overlay":0.5,"ocean_post_title_bg_overlay_color":"","ocean_disable_breadcrumbs":"default","ocean_breadcrumbs_color":"","ocean_breadcrumbs_separator_color":"","ocean_breadcrumbs_links_color":"","ocean_breadcrumbs_links_hover_color":"","ocean_display_footer_widgets":"default","ocean_display_footer_bottom":"default","ocean_custom_footer_template":"0"},"yoast_head":"<!-- This site is optimized with the Yoast SEO plugin v21.1 - https:\/\/yoast.com\/wordpress\/plugins\/seo\/ -->\n<title>Goumet Avocats - Nos activit\u00e9s<\/title>\n<meta name=\"description\" content=\"Le cabinet Goumet Avocat offre \u00e0 ses clients soci\u00e9t\u00e9s et entrepreneurs un accompagnement large et personnalis\u00e9.\" \/>\n<meta name=\"robots\" content=\"index, follow, max-snippet:-1, max-image-preview:large, max-video-preview:-1\" \/>\n<link rel=\"canonical\" href=\"http:\/\/goumetavocat.com\/index.php\/nos-activites\/\" \/>\n<meta property=\"og:locale\" content=\"fr_FR\" \/>\n<meta property=\"og:type\" content=\"article\" \/>\n<meta property=\"og:title\" content=\"Goumet Avocats - Nos activit\u00e9s\" \/>\n<meta property=\"og:description\" content=\"Le cabinet Goumet Avocat offre \u00e0 ses clients soci\u00e9t\u00e9s et entrepreneurs un accompagnement large et personnalis\u00e9.\" \/>\n<meta property=\"og:url\" content=\"http:\/\/goumetavocat.com\/index.php\/nos-activites\/\" \/>\n<meta property=\"og:site_name\" content=\"Goumet Avocat\" \/>\n<meta property=\"article:modified_time\" content=\"2023-02-24T16:34:34+00:00\" \/>\n<meta property=\"og:image\" content=\"http:\/\/goumetavocat.com\/wp-content\/uploads\/2023\/02\/modern-architecture-4749683_1920-1024x683.jpg\" \/>\n<meta name=\"twitter:card\" content=\"summary_large_image\" \/>\n<meta name=\"twitter:label1\" content=\"Dur\u00e9e de lecture estim\u00e9e\" \/>\n\t<meta name=\"twitter:data1\" content=\"2 minutes\" \/>\n<script type=\"application\/ld+json\" class=\"yoast-schema-graph\">{\"@context\":\"https:\/\/schema.org\",\"@graph\":[{\"@type\":\"WebPage\",\"@id\":\"http:\/\/goumetavocat.com\/index.php\/nos-activites\/\",\"url\":\"http:\/\/goumetavocat.com\/index.php\/nos-activites\/\",\"name\":\"Goumet Avocats - Nos activit\u00e9s\",\"isPartOf\":{\"@id\":\"https:\/\/goumetavocat.com\/#website\"},\"datePublished\":\"2023-02-07T10:28:02+00:00\",\"dateModified\":\"2023-02-24T16:34:34+00:00\",\"description\":\"Le cabinet Goumet Avocat offre \u00e0 ses clients soci\u00e9t\u00e9s et entrepreneurs un accompagnement large et personnalis\u00e9.\",\"breadcrumb\":{\"@id\":\"http:\/\/goumetavocat.com\/index.php\/nos-activites\/#breadcrumb\"},\"inLanguage\":\"fr-FR\",\"potentialAction\":[{\"@type\":\"ReadAction\",\"target\":[\"http:\/\/goumetavocat.com\/index.php\/nos-activites\/\"]}]},{\"@type\":\"BreadcrumbList\",\"@id\":\"http:\/\/goumetavocat.com\/index.php\/nos-activites\/#breadcrumb\",\"itemListElement\":[{\"@type\":\"ListItem\",\"position\":1,\"name\":\"Accueil\",\"item\":\"https:\/\/goumetavocat.com\/\"},{\"@type\":\"ListItem\",\"position\":2,\"name\":\"Activit\u00e9s\"}]},{\"@type\":\"WebSite\",\"@id\":\"https:\/\/goumetavocat.com\/#website\",\"url\":\"https:\/\/goumetavocat.com\/\",\"name\":\"Goumet Avocat\",\"description\":\"Cabinet Goumet Avocat, Adrien Goumet, Avocat au Barreau de Paris\",\"publisher\":{\"@id\":\"https:\/\/goumetavocat.com\/#organization\"},\"potentialAction\":[{\"@type\":\"SearchAction\",\"target\":{\"@type\":\"EntryPoint\",\"urlTemplate\":\"https:\/\/goumetavocat.com\/?s={search_term_string}\"},\"query-input\":\"required name=search_term_string\"}],\"inLanguage\":\"fr-FR\"},{\"@type\":\"Organization\",\"@id\":\"https:\/\/goumetavocat.com\/#organization\",\"name\":\"Goumet Avocat\",\"url\":\"https:\/\/goumetavocat.com\/\",\"logo\":{\"@type\":\"ImageObject\",\"inLanguage\":\"fr-FR\",\"@id\":\"https:\/\/goumetavocat.com\/#\/schema\/logo\/image\/\",\"url\":\"http:\/\/goumetavocat.com\/wp-content\/uploads\/2023\/02\/cropped-Logo-complet-Goumet-Avocat-blanc.png\",\"contentUrl\":\"http:\/\/goumetavocat.com\/wp-content\/uploads\/2023\/02\/cropped-Logo-complet-Goumet-Avocat-blanc.png\",\"width\":1100,\"height\":334,\"caption\":\"Goumet Avocat\"},\"image\":{\"@id\":\"https:\/\/goumetavocat.com\/#\/schema\/logo\/image\/\"}}]}<\/script>\n<!-- \/ Yoast SEO plugin. -->","yoast_head_json":{"title":"Goumet Avocats - Nos activit\u00e9s","description":"Le cabinet Goumet Avocat offre \u00e0 ses clients soci\u00e9t\u00e9s et entrepreneurs un accompagnement large et personnalis\u00e9.","robots":{"index":"index","follow":"follow","max-snippet":"max-snippet:-1","max-image-preview":"max-image-preview:large","max-video-preview":"max-video-preview:-1"},"canonical":"http:\/\/goumetavocat.com\/index.php\/nos-activites\/","og_locale":"fr_FR","og_type":"article","og_title":"Goumet Avocats - Nos activit\u00e9s","og_description":"Le cabinet Goumet Avocat offre \u00e0 ses clients soci\u00e9t\u00e9s et entrepreneurs un accompagnement large et personnalis\u00e9.","og_url":"http:\/\/goumetavocat.com\/index.php\/nos-activites\/","og_site_name":"Goumet Avocat","article_modified_time":"2023-02-24T16:34:34+00:00","og_image":[{"url":"http:\/\/goumetavocat.com\/wp-content\/uploads\/2023\/02\/modern-architecture-4749683_1920-1024x683.jpg"}],"twitter_card":"summary_large_image","twitter_misc":{"Dur\u00e9e de lecture estim\u00e9e":"2 minutes"},"schema":{"@context":"https:\/\/schema.org","@graph":[{"@type":"WebPage","@id":"http:\/\/goumetavocat.com\/index.php\/nos-activites\/","url":"http:\/\/goumetavocat.com\/index.php\/nos-activites\/","name":"Goumet Avocats - Nos activit\u00e9s","isPartOf":{"@id":"https:\/\/goumetavocat.com\/#website"},"datePublished":"2023-02-07T10:28:02+00:00","dateModified":"2023-02-24T16:34:34+00:00","description":"Le cabinet Goumet Avocat offre \u00e0 ses clients soci\u00e9t\u00e9s et entrepreneurs un accompagnement large et personnalis\u00e9.","breadcrumb":{"@id":"http:\/\/goumetavocat.com\/index.php\/nos-activites\/#breadcrumb"},"inLanguage":"fr-FR","potentialAction":[{"@type":"ReadAction","target":["http:\/\/goumetavocat.com\/index.php\/nos-activites\/"]}]},{"@type":"BreadcrumbList","@id":"http:\/\/goumetavocat.com\/index.php\/nos-activites\/#breadcrumb","itemListElement":[{"@type":"ListItem","position":1,"name":"Accueil","item":"https:\/\/goumetavocat.com\/"},{"@type":"ListItem","position":2,"name":"Activit\u00e9s"}]},{"@type":"WebSite","@id":"https:\/\/goumetavocat.com\/#website","url":"https:\/\/goumetavocat.com\/","name":"Goumet Avocat","description":"Cabinet Goumet Avocat, Adrien Goumet, Avocat au Barreau de Paris","publisher":{"@id":"https:\/\/goumetavocat.com\/#organization"},"potentialAction":[{"@type":"SearchAction","target":{"@type":"EntryPoint","urlTemplate":"https:\/\/goumetavocat.com\/?s={search_term_string}"},"query-input":"required name=search_term_string"}],"inLanguage":"fr-FR"},{"@type":"Organization","@id":"https:\/\/goumetavocat.com\/#organization","name":"Goumet Avocat","url":"https:\/\/goumetavocat.com\/","logo":{"@type":"ImageObject","inLanguage":"fr-FR","@id":"https:\/\/goumetavocat.com\/#\/schema\/logo\/image\/","url":"http:\/\/goumetavocat.com\/wp-content\/uploads\/2023\/02\/cropped-Logo-complet-Goumet-Avocat-blanc.png","contentUrl":"http:\/\/goumetavocat.com\/wp-content\/uploads\/2023\/02\/cropped-Logo-complet-Goumet-Avocat-blanc.png","width":1100,"height":334,"caption":"Goumet Avocat"},"image":{"@id":"https:\/\/goumetavocat.com\/#\/schema\/logo\/image\/"}}]}},"_links":{"self":[{"href":"http:\/\/goumetavocat.com\/index.php\/wp-json\/wp\/v2\/pages\/78"}],"collection":[{"href":"http:\/\/goumetavocat.com\/index.php\/wp-json\/wp\/v2\/pages"}],"about":[{"href":"http:\/\/goumetavocat.com\/index.php\/wp-json\/wp\/v2\/types\/page"}],"author":[{"embeddable":true,"href":"http:\/\/goumetavocat.com\/index.php\/wp-json\/wp\/v2\/users\/1"}],"replies":[{"embeddable":true,"href":"http:\/\/goumetavocat.com\/index.php\/wp-json\/wp\/v2\/comments?post=78"}],"version-history":[{"count":64,"href":"http:\/\/goumetavocat.com\/index.php\/wp-json\/wp\/v2\/pages\/78\/revisions"}],"predecessor-version":[{"id":519,"href":"http:\/\/goumetavocat.com\/index.php\/wp-json\/wp\/v2\/pages\/78\/revisions\/519"}],"wp:attachment":[{"href":"http:\/\/goumetavocat.com\/index.php\/wp-json\/wp\/v2\/media?parent=78"}],"curies":[{"name":"wp","href":"https:\/\/api.w.org\/{rel}","templated":true}]}}