{"id":71,"date":"2023-02-07T11:10:53","date_gmt":"2023-02-07T10:10:53","guid":{"rendered":"http:\/\/goumetavocat.com\/?page_id=71"},"modified":"2023-02-26T21:22:07","modified_gmt":"2023-02-26T20:22:07","slug":"adrien-goumet","status":"publish","type":"page","link":"https:\/\/goumetavocat.com\/index.php\/adrien-goumet\/","title":{"rendered":"Cabinet"},"content":{"rendered":"\t\t<div data-elementor-type=\"wp-page\" data-elementor-id=\"71\" class=\"elementor elementor-71\">\n\t\t\t\t\t\t<section class=\"elementor-section elementor-top-section elementor-element elementor-element-afb17d1 elementor-section-boxed elementor-section-height-default elementor-section-height-default\" data-id=\"afb17d1\" data-element_type=\"section\">\n\t\t\t\t\t\t<div class=\"elementor-container elementor-column-gap-default\">\n\t\t\t\t\t<div class=\"elementor-column elementor-col-50 elementor-top-column elementor-element elementor-element-ef3e138\" data-id=\"ef3e138\" data-element_type=\"column\">\n\t\t\t<div class=\"elementor-widget-wrap elementor-element-populated\">\n\t\t\t\t\t\t<div class=\"elementor-element elementor-element-9ddf879 elementor-widget elementor-widget-image\" data-id=\"9ddf879\" data-element_type=\"widget\" data-widget_type=\"image.default\">\n\t\t\t\t<div class=\"elementor-widget-container\">\n\t\t\t\t\t\t\t\t\t\t\t\t\t<img fetchpriority=\"high\" decoding=\"async\" width=\"768\" height=\"1152\" src=\"https:\/\/goumetavocat.com\/wp-content\/uploads\/2023\/02\/ADRIENGOUMET-SandMulas-8058-1-768x1152.jpg\" class=\"attachment-medium_large size-medium_large wp-image-73\" alt=\"\" srcset=\"https:\/\/goumetavocat.com\/wp-content\/uploads\/2023\/02\/ADRIENGOUMET-SandMulas-8058-1-768x1152.jpg 768w, https:\/\/goumetavocat.com\/wp-content\/uploads\/2023\/02\/ADRIENGOUMET-SandMulas-8058-1-200x300.jpg 200w, https:\/\/goumetavocat.com\/wp-content\/uploads\/2023\/02\/ADRIENGOUMET-SandMulas-8058-1-683x1024.jpg 683w, https:\/\/goumetavocat.com\/wp-content\/uploads\/2023\/02\/ADRIENGOUMET-SandMulas-8058-1-1024x1536.jpg 1024w, https:\/\/goumetavocat.com\/wp-content\/uploads\/2023\/02\/ADRIENGOUMET-SandMulas-8058-1-1365x2048.jpg 1365w, https:\/\/goumetavocat.com\/wp-content\/uploads\/2023\/02\/ADRIENGOUMET-SandMulas-8058-1-scaled.jpg 1707w\" sizes=\"(max-width: 768px) 100vw, 768px\" \/>\t\t\t\t\t\t\t\t\t\t\t\t\t<\/div>\n\t\t\t\t<\/div>\n\t\t\t\t\t<\/div>\n\t\t<\/div>\n\t\t\t\t<div class=\"elementor-column elementor-col-50 elementor-top-column elementor-element elementor-element-4f54434\" data-id=\"4f54434\" data-element_type=\"column\">\n\t\t\t<div class=\"elementor-widget-wrap elementor-element-populated\">\n\t\t\t\t\t\t<div class=\"elementor-element elementor-element-c3cf276 elementor-widget elementor-widget-heading\" data-id=\"c3cf276\" data-element_type=\"widget\" data-widget_type=\"heading.default\">\n\t\t\t\t<div class=\"elementor-widget-container\">\n\t\t\t<h2 class=\"elementor-heading-title elementor-size-default\">Adrien Goumet<\/h2>\t\t<\/div>\n\t\t\t\t<\/div>\n\t\t\t\t<div class=\"elementor-element elementor-element-3ba8139 elementor-widget elementor-widget-text-editor\" data-id=\"3ba8139\" data-element_type=\"widget\" data-widget_type=\"text-editor.default\">\n\t\t\t\t<div class=\"elementor-widget-container\">\n\t\t\t\t\t\t\t<p><em>Master 2 droit des affaires et fiscalit\u00e9 (Universit\u00e9 Paris I &#8211; HEC) \u2013 Institut de Droit des Affaires (IDA Universit\u00e9 Paris II)<\/em><\/p><p>Avocat inscrit au Barreau de Paris depuis janvier 2013, Adrien a exerc\u00e9 pendant pr\u00e8s de dix ans au sein d\u2019un cabinet fran\u00e7ais en droit des affaires g\u00e9n\u00e9raliste, en conseil et en contentieux, lui permettant de d\u00e9velopper cette double comp\u00e9tence.<\/p><p>En septembre 2022, Adrien cr\u00e9e le cabinet Goumet Avocat afin d\u2019accompagner plus efficacement ses clients en leur offrant une approche pratique et dimensionn\u00e9e \u00e0 leurs besoins.<\/p><p>Adrien intervient principalement aupr\u00e8s d\u2019une client\u00e8le de TPE \/ PME ainsi que de leurs dirigeants dans tous les aspects de leurs activit\u00e9s, pour la cr\u00e9ation, le d\u00e9veloppement ou l\u2019accompagnement lors des difficult\u00e9s qu\u2019ils peuvent rencontrer.<\/p><p>Maitrisant l\u2019anglais, Adrien accompagne \u00e9galement des clients \u00e9trangers souhaitant investir ou d\u00e9velopper leur activit\u00e9 en France.<\/p><p>Adrien s\u2019entoure de comp\u00e9tences aupr\u00e8s d\u2019autres avocats de son r\u00e9seau (en fiscalit\u00e9, IP-IT, droit social) permettant au cabinet Goumet Avocat de proposer une offre compl\u00e8te en droit des affaires.<\/p>\t\t\t\t\t\t<\/div>\n\t\t\t\t<\/div>\n\t\t\t\t\t<\/div>\n\t\t<\/div>\n\t\t\t\t\t<\/div>\n\t\t<\/section>\n\t\t\t\t<\/div>\n\t\t","protected":false},"excerpt":{"rendered":"<p>Adrien Goumet Master 2 droit des affaires et fiscalit\u00e9 (Universit\u00e9 Paris I &#8211; HEC) \u2013 Institut de Droit des Affaires (IDA Universit\u00e9 Paris II) Avocat inscrit au Barreau de Paris depuis janvier 2013, Adrien a exerc\u00e9 pendant pr\u00e8s de dix ans au sein d\u2019un cabinet fran\u00e7ais en droit des affaires g\u00e9n\u00e9raliste, en conseil et en [&hellip;]<\/p>\n","protected":false},"author":1,"featured_media":0,"parent":0,"menu_order":0,"comment_status":"closed","ping_status":"closed","template":"","meta":{"ocean_post_layout":"","ocean_both_sidebars_style":"","ocean_both_sidebars_content_width":0,"ocean_both_sidebars_sidebars_width":0,"ocean_sidebar":"0","ocean_second_sidebar":"0","ocean_disable_margins":"enable","ocean_add_body_class":"","ocean_shortcode_before_top_bar":"","ocean_shortcode_after_top_bar":"","ocean_shortcode_before_header":"","ocean_shortcode_after_header":"","ocean_has_shortcode":"","ocean_shortcode_after_title":"","ocean_shortcode_before_footer_widgets":"","ocean_shortcode_after_footer_widgets":"","ocean_shortcode_before_footer_bottom":"","ocean_shortcode_after_footer_bottom":"","ocean_display_top_bar":"default","ocean_display_header":"default","ocean_header_style":"","ocean_center_header_left_menu":"0","ocean_custom_header_template":"0","ocean_custom_logo":0,"ocean_custom_retina_logo":0,"ocean_custom_logo_max_width":0,"ocean_custom_logo_tablet_max_width":0,"ocean_custom_logo_mobile_max_width":0,"ocean_custom_logo_max_height":0,"ocean_custom_logo_tablet_max_height":0,"ocean_custom_logo_mobile_max_height":0,"ocean_header_custom_menu":"0","ocean_menu_typo_font_family":"0","ocean_menu_typo_font_subset":"","ocean_menu_typo_font_size":0,"ocean_menu_typo_font_size_tablet":0,"ocean_menu_typo_font_size_mobile":0,"ocean_menu_typo_font_size_unit":"px","ocean_menu_typo_font_weight":"","ocean_menu_typo_font_weight_tablet":"","ocean_menu_typo_font_weight_mobile":"","ocean_menu_typo_transform":"","ocean_menu_typo_transform_tablet":"","ocean_menu_typo_transform_mobile":"","ocean_menu_typo_line_height":0,"ocean_menu_typo_line_height_tablet":0,"ocean_menu_typo_line_height_mobile":0,"ocean_menu_typo_line_height_unit":"","ocean_menu_typo_spacing":0,"ocean_menu_typo_spacing_tablet":0,"ocean_menu_typo_spacing_mobile":0,"ocean_menu_typo_spacing_unit":"","ocean_menu_link_color":"","ocean_menu_link_color_hover":"","ocean_menu_link_color_active":"","ocean_menu_link_background":"","ocean_menu_link_hover_background":"","ocean_menu_link_active_background":"","ocean_menu_social_links_bg":"","ocean_menu_social_hover_links_bg":"","ocean_menu_social_links_color":"","ocean_menu_social_hover_links_color":"","ocean_disable_title":"default","ocean_disable_heading":"default","ocean_post_title":"","ocean_post_subheading":"","ocean_post_title_style":"","ocean_post_title_background_color":"","ocean_post_title_background":0,"ocean_post_title_bg_image_position":"","ocean_post_title_bg_image_attachment":"","ocean_post_title_bg_image_repeat":"","ocean_post_title_bg_image_size":"","ocean_post_title_height":0,"ocean_post_title_bg_overlay":0.5,"ocean_post_title_bg_overlay_color":"","ocean_disable_breadcrumbs":"default","ocean_breadcrumbs_color":"","ocean_breadcrumbs_separator_color":"","ocean_breadcrumbs_links_color":"","ocean_breadcrumbs_links_hover_color":"","ocean_display_footer_widgets":"default","ocean_display_footer_bottom":"default","ocean_custom_footer_template":"0"},"yoast_head":"<!-- This site is optimized with the Yoast SEO plugin v21.1 - https:\/\/yoast.com\/wordpress\/plugins\/seo\/ -->\n<title>Goumet Avocat - Ma\u00eetre Adrien Goumet<\/title>\n<meta name=\"description\" content=\"Adrien Goumet est avocat au Barreau de Paris depuis plus de 10 ans et vous accompagne en conseil et en contentieux.\" \/>\n<meta name=\"robots\" content=\"index, follow, max-snippet:-1, max-image-preview:large, max-video-preview:-1\" \/>\n<link rel=\"canonical\" href=\"http:\/\/goumetavocat.com\/index.php\/adrien-goumet\/\" \/>\n<meta property=\"og:locale\" content=\"fr_FR\" \/>\n<meta property=\"og:type\" content=\"article\" \/>\n<meta property=\"og:title\" content=\"Goumet Avocat - Ma\u00eetre Adrien Goumet\" \/>\n<meta property=\"og:description\" content=\"Adrien Goumet est avocat au Barreau de Paris depuis plus de 10 ans et vous accompagne en conseil et en contentieux.\" \/>\n<meta property=\"og:url\" content=\"http:\/\/goumetavocat.com\/index.php\/adrien-goumet\/\" \/>\n<meta property=\"og:site_name\" content=\"Goumet Avocat\" \/>\n<meta property=\"article:modified_time\" content=\"2023-02-26T20:22:07+00:00\" \/>\n<meta property=\"og:image\" content=\"http:\/\/goumetavocat.com\/wp-content\/uploads\/2023\/02\/ADRIENGOUMET-SandMulas-8058-1-768x1152.jpg\" \/>\n<meta name=\"twitter:card\" content=\"summary_large_image\" \/>\n<meta name=\"twitter:label1\" content=\"Dur\u00e9e de lecture estim\u00e9e\" \/>\n\t<meta name=\"twitter:data1\" content=\"2 minutes\" \/>\n<script type=\"application\/ld+json\" class=\"yoast-schema-graph\">{\"@context\":\"https:\/\/schema.org\",\"@graph\":[{\"@type\":\"WebPage\",\"@id\":\"http:\/\/goumetavocat.com\/index.php\/adrien-goumet\/\",\"url\":\"http:\/\/goumetavocat.com\/index.php\/adrien-goumet\/\",\"name\":\"Goumet Avocat - Ma\u00eetre Adrien Goumet\",\"isPartOf\":{\"@id\":\"http:\/\/goumetavocat.com\/#website\"},\"datePublished\":\"2023-02-07T10:10:53+00:00\",\"dateModified\":\"2023-02-26T20:22:07+00:00\",\"description\":\"Adrien Goumet est avocat au Barreau de Paris depuis plus de 10 ans et vous accompagne en conseil et en contentieux.\",\"breadcrumb\":{\"@id\":\"http:\/\/goumetavocat.com\/index.php\/adrien-goumet\/#breadcrumb\"},\"inLanguage\":\"fr-FR\",\"potentialAction\":[{\"@type\":\"ReadAction\",\"target\":[\"http:\/\/goumetavocat.com\/index.php\/adrien-goumet\/\"]}]},{\"@type\":\"BreadcrumbList\",\"@id\":\"http:\/\/goumetavocat.com\/index.php\/adrien-goumet\/#breadcrumb\",\"itemListElement\":[{\"@type\":\"ListItem\",\"position\":1,\"name\":\"Accueil\",\"item\":\"http:\/\/goumetavocat.com\/\"},{\"@type\":\"ListItem\",\"position\":2,\"name\":\"Cabinet\"}]},{\"@type\":\"WebSite\",\"@id\":\"http:\/\/goumetavocat.com\/#website\",\"url\":\"http:\/\/goumetavocat.com\/\",\"name\":\"Goumet Avocat\",\"description\":\"Cabinet Goumet Avocat, Adrien Goumet, Avocat au Barreau de Paris\",\"publisher\":{\"@id\":\"http:\/\/goumetavocat.com\/#organization\"},\"potentialAction\":[{\"@type\":\"SearchAction\",\"target\":{\"@type\":\"EntryPoint\",\"urlTemplate\":\"http:\/\/goumetavocat.com\/?s={search_term_string}\"},\"query-input\":\"required name=search_term_string\"}],\"inLanguage\":\"fr-FR\"},{\"@type\":\"Organization\",\"@id\":\"http:\/\/goumetavocat.com\/#organization\",\"name\":\"Goumet Avocat\",\"url\":\"http:\/\/goumetavocat.com\/\",\"logo\":{\"@type\":\"ImageObject\",\"inLanguage\":\"fr-FR\",\"@id\":\"http:\/\/goumetavocat.com\/#\/schema\/logo\/image\/\",\"url\":\"https:\/\/goumetavocat.com\/wp-content\/uploads\/2023\/02\/cropped-Logo-complet-Goumet-Avocat-blanc.png\",\"contentUrl\":\"https:\/\/goumetavocat.com\/wp-content\/uploads\/2023\/02\/cropped-Logo-complet-Goumet-Avocat-blanc.png\",\"width\":1100,\"height\":334,\"caption\":\"Goumet Avocat\"},\"image\":{\"@id\":\"http:\/\/goumetavocat.com\/#\/schema\/logo\/image\/\"}}]}<\/script>\n<!-- \/ Yoast SEO plugin. -->","yoast_head_json":{"title":"Goumet Avocat - Ma\u00eetre Adrien Goumet","description":"Adrien Goumet est avocat au Barreau de Paris depuis plus de 10 ans et vous accompagne en conseil et en contentieux.","robots":{"index":"index","follow":"follow","max-snippet":"max-snippet:-1","max-image-preview":"max-image-preview:large","max-video-preview":"max-video-preview:-1"},"canonical":"http:\/\/goumetavocat.com\/index.php\/adrien-goumet\/","og_locale":"fr_FR","og_type":"article","og_title":"Goumet Avocat - Ma\u00eetre Adrien Goumet","og_description":"Adrien Goumet est avocat au Barreau de Paris depuis plus de 10 ans et vous accompagne en conseil et en contentieux.","og_url":"http:\/\/goumetavocat.com\/index.php\/adrien-goumet\/","og_site_name":"Goumet Avocat","article_modified_time":"2023-02-26T20:22:07+00:00","og_image":[{"url":"http:\/\/goumetavocat.com\/wp-content\/uploads\/2023\/02\/ADRIENGOUMET-SandMulas-8058-1-768x1152.jpg"}],"twitter_card":"summary_large_image","twitter_misc":{"Dur\u00e9e de lecture estim\u00e9e":"2 minutes"},"schema":{"@context":"https:\/\/schema.org","@graph":[{"@type":"WebPage","@id":"http:\/\/goumetavocat.com\/index.php\/adrien-goumet\/","url":"http:\/\/goumetavocat.com\/index.php\/adrien-goumet\/","name":"Goumet Avocat - Ma\u00eetre Adrien Goumet","isPartOf":{"@id":"http:\/\/goumetavocat.com\/#website"},"datePublished":"2023-02-07T10:10:53+00:00","dateModified":"2023-02-26T20:22:07+00:00","description":"Adrien Goumet est avocat au Barreau de Paris depuis plus de 10 ans et vous accompagne en conseil et en contentieux.","breadcrumb":{"@id":"http:\/\/goumetavocat.com\/index.php\/adrien-goumet\/#breadcrumb"},"inLanguage":"fr-FR","potentialAction":[{"@type":"ReadAction","target":["http:\/\/goumetavocat.com\/index.php\/adrien-goumet\/"]}]},{"@type":"BreadcrumbList","@id":"http:\/\/goumetavocat.com\/index.php\/adrien-goumet\/#breadcrumb","itemListElement":[{"@type":"ListItem","position":1,"name":"Accueil","item":"http:\/\/goumetavocat.com\/"},{"@type":"ListItem","position":2,"name":"Cabinet"}]},{"@type":"WebSite","@id":"http:\/\/goumetavocat.com\/#website","url":"http:\/\/goumetavocat.com\/","name":"Goumet Avocat","description":"Cabinet Goumet Avocat, Adrien Goumet, Avocat au Barreau de Paris","publisher":{"@id":"http:\/\/goumetavocat.com\/#organization"},"potentialAction":[{"@type":"SearchAction","target":{"@type":"EntryPoint","urlTemplate":"http:\/\/goumetavocat.com\/?s={search_term_string}"},"query-input":"required name=search_term_string"}],"inLanguage":"fr-FR"},{"@type":"Organization","@id":"http:\/\/goumetavocat.com\/#organization","name":"Goumet Avocat","url":"http:\/\/goumetavocat.com\/","logo":{"@type":"ImageObject","inLanguage":"fr-FR","@id":"http:\/\/goumetavocat.com\/#\/schema\/logo\/image\/","url":"https:\/\/goumetavocat.com\/wp-content\/uploads\/2023\/02\/cropped-Logo-complet-Goumet-Avocat-blanc.png","contentUrl":"https:\/\/goumetavocat.com\/wp-content\/uploads\/2023\/02\/cropped-Logo-complet-Goumet-Avocat-blanc.png","width":1100,"height":334,"caption":"Goumet Avocat"},"image":{"@id":"http:\/\/goumetavocat.com\/#\/schema\/logo\/image\/"}}]}},"_links":{"self":[{"href":"https:\/\/goumetavocat.com\/index.php\/wp-json\/wp\/v2\/pages\/71"}],"collection":[{"href":"https:\/\/goumetavocat.com\/index.php\/wp-json\/wp\/v2\/pages"}],"about":[{"href":"https:\/\/goumetavocat.com\/index.php\/wp-json\/wp\/v2\/types\/page"}],"author":[{"embeddable":true,"href":"https:\/\/goumetavocat.com\/index.php\/wp-json\/wp\/v2\/users\/1"}],"replies":[{"embeddable":true,"href":"https:\/\/goumetavocat.com\/index.php\/wp-json\/wp\/v2\/comments?post=71"}],"version-history":[{"count":19,"href":"https:\/\/goumetavocat.com\/index.php\/wp-json\/wp\/v2\/pages\/71\/revisions"}],"predecessor-version":[{"id":506,"href":"https:\/\/goumetavocat.com\/index.php\/wp-json\/wp\/v2\/pages\/71\/revisions\/506"}],"wp:attachment":[{"href":"https:\/\/goumetavocat.com\/index.php\/wp-json\/wp\/v2\/media?parent=71"}],"curies":[{"name":"wp","href":"https:\/\/api.w.org\/{rel}","templated":true}]}}